{"id":357,"date":"2024-08-29T19:43:22","date_gmt":"2024-08-29T19:43:22","guid":{"rendered":"http:\/\/curapessoal.com\/?page_id=62\/?page_id=357"},"modified":"2025-02-05T18:23:26","modified_gmt":"2025-02-05T18:23:26","slug":"consultas","status":"publish","type":"page","link":"https:\/\/curapessoal.com\/?page_id=357","title":{"rendered":"Consultas"},"content":{"rendered":"\t\t<div data-elementor-type=\"wp-page\" data-elementor-id=\"357\" class=\"elementor elementor-357\">\n\t\t\t\t<header class=\"elementor-element elementor-element-666797e e-con-full e-flex wpr-particle-no wpr-jarallax-no wpr-parallax-no wpr-sticky-section-no wpr-equal-height-no e-con e-parent\" data-id=\"666797e\" data-element_type=\"container\" data-e-type=\"container\" data-settings=\"{&quot;position&quot;:&quot;fixed&quot;}\">\n\t\t\t\t<div class=\"elementor-element elementor-element-0adeaac elementor-widget elementor-widget-quadmenu\" data-id=\"0adeaac\" data-element_type=\"widget\" data-e-type=\"widget\" data-widget_type=\"quadmenu.default\">\n\t\t\t\t<div class=\"elementor-widget-container\">\n\t\t\t\t\t<nav id=\"quadmenu\" class=\"quadmenu-default_theme quadmenu-v3.3.2 quadmenu-align-right quadmenu-divider-hide quadmenu-carets-hide quadmenu-background-color quadmenu-mobile-shadow-show quadmenu-dropdown-shadow-show quadmenu-hover-ripple\" data-template=\"collapse\" data-theme=\"default_theme\" data-unwrap=\"0\" data-width=\"\" data-selector=\"\" data-breakpoint=\"768\" data-sticky=\"0\" data-sticky-offset=\"0\">\n\t<div class=\"quadmenu-container\">\n\t<div class=\"quadmenu-navbar-header\">\n\t\t<button type=\"button\" class=\"quadmenu-navbar-toggle collapsed\" data-quadmenu=\"collapse\" data-target=\"#quadmenu_0\" aria-expanded=\"false\" aria-controls=\"quadmenu\">\n\t<span class=\"icon-bar-container\">\n\t<span class=\"icon-bar icon-bar-top\"><\/span>\n\t<span class=\"icon-bar icon-bar-middle\"><\/span>\n\t<span class=\"icon-bar icon-bar-bottom\"><\/span>\n\t<\/span>\n<\/button>\t\t\t<a class=\"quadmenu-navbar-brand img\" href=\"https:\/\/curapessoal.com\"><img decoding=\"async\" height=\"60\" width=\"160\" src=\"https:\/\/curapessoal.com\/wp-content\/uploads\/2024\/08\/texto-logo-1.png\" alt=\"Cristina Maruju\"\/><\/a>\n\t<\/div>\n\t<div id=\"quadmenu_0\" class=\"quadmenu-navbar-collapse collapse\">\n\t\t<ul class=\"quadmenu-navbar-nav\"><li id=\"menu-item-133\" class=\"quadmenu-item-133 quadmenu-item quadmenu-item-object-page quadmenu-item-home quadmenu-item-type-post_type quadmenu-item-type-post_type quadmenu-item-level-0 quadmenu-has-title quadmenu-has-link quadmenu-has-background quadmenu-dropdown-right\">\t\t\t\t<a  href=\"https:\/\/curapessoal.com\/\">\n\t\t\t<span class=\"quadmenu-item-content\">\n\t\t\t\t\t\t\t\t\t\t\t\t\t\t\t\t\t<span class=\"quadmenu-text  hover t_1000\">P\u00e1gina Inicial<\/span>\n\t\t\t\t\t\t\t\t\t\t\t\t\t\t\t\t\t<\/span>\n\t\t<\/a>\n\t\t\t\t<\/li><li id=\"menu-item-347\" class=\"quadmenu-item-347 quadmenu-item quadmenu-item-object-page quadmenu-item-type-post_type quadmenu-item-type-post_type quadmenu-item-level-0 quadmenu-has-title quadmenu-has-link quadmenu-has-background quadmenu-dropdown-right\">\t\t\t\t<a  href=\"https:\/\/curapessoal.com\/?page_id=335\">\n\t\t\t<span class=\"quadmenu-item-content\">\n\t\t\t\t\t\t\t\t\t\t\t\t\t\t\t\t\t<span class=\"quadmenu-text  hover t_1000\">Florais<\/span>\n\t\t\t\t\t\t\t\t\t\t\t\t\t\t\t\t\t<\/span>\n\t\t<\/a>\n\t\t\t\t<\/li><li id=\"menu-item-386\" class=\"quadmenu-item-386 quadmenu-item quadmenu-item-object-page quadmenu-item-type-post_type quadmenu-item-type-post_type quadmenu-item-level-0 quadmenu-has-title quadmenu-has-link quadmenu-has-background quadmenu-dropdown-right\">\t\t\t\t<a  href=\"https:\/\/curapessoal.com\/?page_id=349\">\n\t\t\t<span class=\"quadmenu-item-content\">\n\t\t\t\t\t\t\t\t\t\t\t\t\t\t\t\t\t<span class=\"quadmenu-text  hover t_1000\">Constela\u00e7\u00f5es Sist\u00eamicas<\/span>\n\t\t\t\t\t\t\t\t\t\t\t\t\t\t\t\t\t<\/span>\n\t\t<\/a>\n\t\t\t\t<\/li><li id=\"menu-item-387\" class=\"quadmenu-item-387 quadmenu-item quadmenu-item-object-page quadmenu-item-type-post_type quadmenu-item-type-post_type quadmenu-item-level-0 quadmenu-has-title quadmenu-has-link quadmenu-has-background quadmenu-dropdown-right\">\t\t\t\t<a  href=\"https:\/\/curapessoal.com\/?page_id=357\">\n\t\t\t<span class=\"quadmenu-item-content\">\n\t\t\t\t\t\t\t\t\t\t\t\t\t\t\t\t\t<span class=\"quadmenu-text  hover t_1000\">Consultas<\/span>\n\t\t\t\t\t\t\t\t\t\t\t\t\t\t\t\t\t<\/span>\n\t\t<\/a>\n\t\t\t\t<\/li><li id=\"menu-item-390\" class=\"quadmenu-item-390 quadmenu-item quadmenu-item-object-page quadmenu-item-type-post_type quadmenu-item-type-post_type quadmenu-item-level-0 quadmenu-has-title quadmenu-has-link quadmenu-has-background quadmenu-dropdown-right\">\t\t\t\t<a  href=\"https:\/\/curapessoal.com\/?page_id=356\">\n\t\t\t<span class=\"quadmenu-item-content\">\n\t\t\t\t\t\t\t\t\t\t\t\t\t\t\t\t\t<span class=\"quadmenu-text  hover t_1000\">Cursos<\/span>\n\t\t\t\t\t\t\t\t\t\t\t\t\t\t\t\t\t<\/span>\n\t\t<\/a>\n\t\t\t\t<\/li><li id=\"menu-item-393\" class=\"quadmenu-item-393 quadmenu-item quadmenu-item-object-page quadmenu-item-type-post_type quadmenu-item-type-post_type quadmenu-item-level-0 quadmenu-has-title quadmenu-has-link quadmenu-has-background quadmenu-dropdown-right\">\t\t\t\t<a  href=\"https:\/\/curapessoal.com\/?page_id=359\">\n\t\t\t<span class=\"quadmenu-item-content\">\n\t\t\t\t\t\t\t\t\t\t\t\t\t\t\t\t\t<span class=\"quadmenu-text  hover t_1000\">Workshops<\/span>\n\t\t\t\t\t\t\t\t\t\t\t\t\t\t\t\t\t<\/span>\n\t\t<\/a>\n\t\t\t\t<\/li><li id=\"menu-item-385\" class=\"quadmenu-item-385 quadmenu-item quadmenu-item-object-page quadmenu-item-type-post_type quadmenu-item-type-post_type quadmenu-item-level-0 quadmenu-has-title quadmenu-has-link quadmenu-has-background quadmenu-dropdown-right\">\t\t\t\t<a  href=\"https:\/\/curapessoal.com\/?page_id=360\">\n\t\t\t<span class=\"quadmenu-item-content\">\n\t\t\t\t\t\t\t\t\t\t\t\t\t\t\t\t\t<span class=\"quadmenu-text  hover t_1000\">Calend\u00e1rio<\/span>\n\t\t\t\t\t\t\t\t\t\t\t\t\t\t\t\t\t<\/span>\n\t\t<\/a>\n\t\t\t\t<\/li><li id=\"menu-item-477\" class=\"quadmenu-item-477 quadmenu-item quadmenu-item-object-page quadmenu-item-type-post_type quadmenu-item-type-post_type quadmenu-item-level-0 quadmenu-has-title quadmenu-has-link quadmenu-has-background quadmenu-dropdown-right\">\t\t\t\t<a  href=\"https:\/\/curapessoal.com\/?page_id=475\">\n\t\t\t<span class=\"quadmenu-item-content\">\n\t\t\t\t\t\t\t\t\t\t\t\t\t\t\t\t\t<span class=\"quadmenu-text  hover t_1000\">Livros<\/span>\n\t\t\t\t\t\t\t\t\t\t\t\t\t\t\t\t\t<\/span>\n\t\t<\/a>\n\t\t\t\t<\/li><li id=\"menu-item-969\" class=\"quadmenu-item-969 quadmenu-item quadmenu-item-object-page quadmenu-item-type-post_type quadmenu-item-type-post_type quadmenu-item-level-0 quadmenu-has-title quadmenu-has-link quadmenu-has-background quadmenu-dropdown-right\">\t\t\t\t<a  href=\"https:\/\/curapessoal.com\/?page_id=843\">\n\t\t\t<span class=\"quadmenu-item-content\">\n\t\t\t\t\t\t\t\t\t\t\t\t\t\t\t\t\t<span class=\"quadmenu-text  hover t_1000\">V\u00eddeos<\/span>\n\t\t\t\t\t\t\t\t\t\t\t\t\t\t\t\t\t<\/span>\n\t\t<\/a>\n\t\t\t\t<\/li><li id=\"menu-item-389\" class=\"quadmenu-item-389 quadmenu-item quadmenu-item-object-page quadmenu-item-type-post_type quadmenu-item-type-post_type quadmenu-item-level-0 quadmenu-has-title quadmenu-has-link quadmenu-has-background quadmenu-dropdown-right\">\t\t\t\t<a  href=\"https:\/\/curapessoal.com\/?page_id=358\">\n\t\t\t<span class=\"quadmenu-item-content\">\n\t\t\t\t\t\t\t\t\t\t\t\t\t\t\t\t\t<span class=\"quadmenu-text  hover t_1000\">Cristina Maruju<\/span>\n\t\t\t\t\t\t\t\t\t\t\t\t\t\t\t\t\t<\/span>\n\t\t<\/a>\n\t\t\t\t<\/li><li id=\"menu-item-478\" class=\"quadmenu-item-478 quadmenu-item quadmenu-item-object-page quadmenu-item-type-post_type quadmenu-item-type-post_type quadmenu-item-level-0 quadmenu-has-title quadmenu-has-link quadmenu-has-background quadmenu-dropdown-right\">\t\t\t\t<a  href=\"https:\/\/curapessoal.com\/?page_id=413\">\n\t\t\t<span class=\"quadmenu-item-content\">\n\t\t\t\t\t\t\t\t\t\t\t\t\t\t\t\t\t<span class=\"quadmenu-text  hover t_1000\">Alunos<\/span>\n\t\t\t\t\t\t\t\t\t\t\t\t\t\t\t\t\t<\/span>\n\t\t<\/a>\n\t\t\t\t<\/li><\/ul>\t<\/div>\n\t<\/div>\n<\/nav>\t\t\t\t<\/div>\n\t\t\t\t<\/div>\n\t\t\t\t<\/header>\n\t\t<div class=\"elementor-element elementor-element-ab702db e-grid e-con-boxed wpr-particle-no wpr-jarallax-no wpr-parallax-no wpr-sticky-section-no wpr-equal-height-no e-con e-parent\" data-id=\"ab702db\" data-element_type=\"container\" data-e-type=\"container\" data-settings=\"{&quot;background_background&quot;:&quot;classic&quot;,&quot;position&quot;:&quot;fixed&quot;,&quot;animation&quot;:&quot;none&quot;}\">\n\t\t\t\t\t<div class=\"e-con-inner\">\n\t\t\t\t<div class=\"elementor-element elementor-element-4d199b3 elementor-widget__width-inherit elementor-invisible elementor-widget elementor-widget-image\" data-id=\"4d199b3\" data-element_type=\"widget\" data-e-type=\"widget\" data-settings=\"{&quot;_animation&quot;:&quot;zoomIn&quot;}\" data-widget_type=\"image.default\">\n\t\t\t\t<div class=\"elementor-widget-container\">\n\t\t\t\t\t\t\t\t\t\t\t\t\t\t\t\t<a href=\"https:\/\/www.instagram.com\/curapessoal\/\" target=\"_blank\">\n\t\t\t\t\t\t\t<img decoding=\"async\" src=\"https:\/\/curapessoal.com\/wp-content\/uploads\/elementor\/thumbs\/logo-insta-qtbxjbz7pn3rapmkavtme0a7ktnyv189466833e8ok.png\" title=\"logo insta\" alt=\"logo insta\" class=\"elementor-animation-grow\" loading=\"lazy\" \/>\t\t\t\t\t\t\t\t<\/a>\n\t\t\t\t\t\t\t\t\t\t\t\t\t\t\t<\/div>\n\t\t\t\t<\/div>\n\t\t\t\t<div class=\"elementor-element elementor-element-0824bdd elementor-widget__width-inherit elementor-invisible elementor-widget elementor-widget-image\" data-id=\"0824bdd\" data-element_type=\"widget\" data-e-type=\"widget\" data-settings=\"{&quot;_animation&quot;:&quot;zoomIn&quot;}\" data-widget_type=\"image.default\">\n\t\t\t\t<div class=\"elementor-widget-container\">\n\t\t\t\t\t\t\t\t\t\t\t\t\t\t\t\t<a href=\"https:\/\/youtube.com\/@curapessoal\" target=\"_blank\">\n\t\t\t\t\t\t\t<img decoding=\"async\" src=\"https:\/\/curapessoal.com\/wp-content\/uploads\/elementor\/thumbs\/logo-yt-qtbxlccsbvuu4opfk93w800pbhr8bq7l24em1eexdg.png\" title=\"logo yt\" alt=\"logo yt\" class=\"elementor-animation-grow\" loading=\"lazy\" \/>\t\t\t\t\t\t\t\t<\/a>\n\t\t\t\t\t\t\t\t\t\t\t\t\t\t\t<\/div>\n\t\t\t\t<\/div>\n\t\t\t\t<div class=\"elementor-element elementor-element-9e87cbb elementor-widget__width-inherit elementor-invisible elementor-widget elementor-widget-image\" data-id=\"9e87cbb\" data-element_type=\"widget\" data-e-type=\"widget\" data-settings=\"{&quot;_animation&quot;:&quot;zoomIn&quot;}\" data-widget_type=\"image.default\">\n\t\t\t\t<div class=\"elementor-widget-container\">\n\t\t\t\t\t\t\t\t\t\t\t\t\t\t\t\t<a href=\"https:\/\/www.linkedin.com\/in\/curapessoal\" target=\"_blank\">\n\t\t\t\t\t\t\t<img decoding=\"async\" src=\"https:\/\/curapessoal.com\/wp-content\/uploads\/elementor\/thumbs\/logo-linkedin-qtbxev8t8yzq5e41dgcf1mudzxo7asi5i2m70s0k8k.png\" title=\"logo linkedin\" alt=\"logo linkedin\" class=\"elementor-animation-grow\" loading=\"lazy\" \/>\t\t\t\t\t\t\t\t<\/a>\n\t\t\t\t\t\t\t\t\t\t\t\t\t\t\t<\/div>\n\t\t\t\t<\/div>\n\t\t\t\t<div class=\"elementor-element elementor-element-c2d3b4a elementor-widget__width-inherit elementor-invisible elementor-widget elementor-widget-image\" data-id=\"c2d3b4a\" data-element_type=\"widget\" data-e-type=\"widget\" data-settings=\"{&quot;_animation&quot;:&quot;zoomIn&quot;}\" data-widget_type=\"image.default\">\n\t\t\t\t<div class=\"elementor-widget-container\">\n\t\t\t\t\t\t\t\t\t\t\t\t\t\t\t\t<a href=\"https:\/\/wa.me\/5511992419597\" target=\"_blank\">\n\t\t\t\t\t\t\t<img decoding=\"async\" src=\"https:\/\/curapessoal.com\/wp-content\/uploads\/elementor\/thumbs\/logo-wpp-qtbwzcwohdrel0n1xr00wjql5246akxldb3ryf0ewk.png\" title=\"logo wpp\" alt=\"logo wpp\" class=\"elementor-animation-grow\" loading=\"lazy\" \/>\t\t\t\t\t\t\t\t<\/a>\n\t\t\t\t\t\t\t\t\t\t\t\t\t\t\t<\/div>\n\t\t\t\t<\/div>\n\t\t\t\t<div class=\"elementor-element elementor-element-0e6f20a elementor-widget__width-inherit elementor-invisible elementor-widget elementor-widget-image\" data-id=\"0e6f20a\" data-element_type=\"widget\" data-e-type=\"widget\" data-settings=\"{&quot;_animation&quot;:&quot;zoomIn&quot;}\" data-widget_type=\"image.default\">\n\t\t\t\t<div class=\"elementor-widget-container\">\n\t\t\t\t\t\t\t\t\t\t\t\t\t\t\t\t<a href=\"mailto:curapessoal@gmail.com\" target=\"_blank\">\n\t\t\t\t\t\t\t<img decoding=\"async\" src=\"https:\/\/curapessoal.com\/wp-content\/uploads\/elementor\/thumbs\/logo-e-mail-qtbxgssvapmy0jb03aet65ahyg5d4e6afmw4j95fg4.png\" title=\"logo e-mail\" alt=\"logo e-mail\" class=\"elementor-animation-grow\" loading=\"lazy\" \/>\t\t\t\t\t\t\t\t<\/a>\n\t\t\t\t\t\t\t\t\t\t\t\t\t\t\t<\/div>\n\t\t\t\t<\/div>\n\t\t\t\t\t<\/div>\n\t\t\t\t<\/div>\n\t\t<div class=\"elementor-element elementor-element-049be58 e-flex e-con-boxed wpr-particle-no wpr-jarallax-no wpr-parallax-no wpr-sticky-section-no wpr-equal-height-no elementor-invisible e-con e-parent\" data-id=\"049be58\" data-element_type=\"container\" data-e-type=\"container\" data-settings=\"{&quot;animation&quot;:&quot;fadeInUp&quot;}\">\n\t\t\t\t\t<div class=\"e-con-inner\">\n\t\t\t\t<div class=\"elementor-element elementor-element-0b1b398 elementor-invisible elementor-widget elementor-widget-image\" data-id=\"0b1b398\" data-element_type=\"widget\" data-e-type=\"widget\" data-settings=\"{&quot;_animation&quot;:&quot;fadeInUp&quot;}\" data-widget_type=\"image.default\">\n\t\t\t\t<div class=\"elementor-widget-container\">\n\t\t\t\t\t\t\t\t\t\t\t\t\t\t\t<img fetchpriority=\"high\" decoding=\"async\" width=\"768\" height=\"196\" src=\"https:\/\/curapessoal.com\/wp-content\/uploads\/2024\/08\/Meu-Logotipo-icone-horiz-gde-5-768x196.png\" class=\"attachment-medium_large size-medium_large wp-image-291\" alt=\"\" srcset=\"https:\/\/curapessoal.com\/wp-content\/uploads\/2024\/08\/Meu-Logotipo-icone-horiz-gde-5-768x196.png 768w, https:\/\/curapessoal.com\/wp-content\/uploads\/2024\/08\/Meu-Logotipo-icone-horiz-gde-5-300x76.png 300w, https:\/\/curapessoal.com\/wp-content\/uploads\/2024\/08\/Meu-Logotipo-icone-horiz-gde-5-1024x261.png 1024w, https:\/\/curapessoal.com\/wp-content\/uploads\/2024\/08\/Meu-Logotipo-icone-horiz-gde-5-1536x392.png 1536w, https:\/\/curapessoal.com\/wp-content\/uploads\/2024\/08\/Meu-Logotipo-icone-horiz-gde-5-2048x522.png 2048w\" sizes=\"(max-width: 768px) 100vw, 768px\" \/>\t\t\t\t\t\t\t\t\t\t\t\t\t\t\t<\/div>\n\t\t\t\t<\/div>\n\t\t\t\t\t<\/div>\n\t\t\t\t<\/div>\n\t\t<div class=\"elementor-element elementor-element-a7165bc e-flex e-con-boxed wpr-particle-no wpr-jarallax-no wpr-parallax-no wpr-sticky-section-no wpr-equal-height-no e-con e-parent\" data-id=\"a7165bc\" data-element_type=\"container\" data-e-type=\"container\">\n\t\t\t\t\t<div class=\"e-con-inner\">\n\t\t\t\t<div class=\"elementor-element elementor-element-63e0c91 elementor-invisible elementor-widget elementor-widget-heading\" data-id=\"63e0c91\" data-element_type=\"widget\" data-e-type=\"widget\" data-settings=\"{&quot;_animation&quot;:&quot;fadeInUp&quot;}\" data-widget_type=\"heading.default\">\n\t\t\t\t<div class=\"elementor-widget-container\">\n\t\t\t\t\t<h2 class=\"elementor-heading-title elementor-size-default\">Consultas<\/h2>\t\t\t\t<\/div>\n\t\t\t\t<\/div>\n\t\t\t\t\t<\/div>\n\t\t\t\t<\/div>\n\t\t<div class=\"elementor-element elementor-element-397708a e-flex e-con-boxed wpr-particle-no wpr-jarallax-no wpr-parallax-no wpr-sticky-section-no wpr-equal-height-no e-con e-parent\" data-id=\"397708a\" data-element_type=\"container\" data-e-type=\"container\">\n\t\t\t\t\t<div class=\"e-con-inner\">\n\t\t\t\t<div class=\"elementor-element elementor-element-6f5aad4 elementor-invisible elementor-widget elementor-widget-image\" data-id=\"6f5aad4\" data-element_type=\"widget\" data-e-type=\"widget\" data-settings=\"{&quot;_animation&quot;:&quot;fadeInUp&quot;}\" data-widget_type=\"image.default\">\n\t\t\t\t<div class=\"elementor-widget-container\">\n\t\t\t\t\t\t\t\t\t\t\t\t\t\t\t<img decoding=\"async\" width=\"768\" height=\"511\" src=\"https:\/\/curapessoal.com\/wp-content\/uploads\/2024\/08\/sided-view-young-girl-talking-therapist-768x511.jpg\" class=\"attachment-medium_large size-medium_large wp-image-592\" alt=\"\" srcset=\"https:\/\/curapessoal.com\/wp-content\/uploads\/2024\/08\/sided-view-young-girl-talking-therapist-768x511.jpg 768w, https:\/\/curapessoal.com\/wp-content\/uploads\/2024\/08\/sided-view-young-girl-talking-therapist-300x200.jpg 300w, https:\/\/curapessoal.com\/wp-content\/uploads\/2024\/08\/sided-view-young-girl-talking-therapist-1024x681.jpg 1024w, https:\/\/curapessoal.com\/wp-content\/uploads\/2024\/08\/sided-view-young-girl-talking-therapist-1536x1022.jpg 1536w, https:\/\/curapessoal.com\/wp-content\/uploads\/2024\/08\/sided-view-young-girl-talking-therapist-2048x1363.jpg 2048w\" sizes=\"(max-width: 768px) 100vw, 768px\" \/>\t\t\t\t\t\t\t\t\t\t\t\t\t\t\t<\/div>\n\t\t\t\t<\/div>\n\t\t\t\t\t<\/div>\n\t\t\t\t<\/div>\n\t\t<div class=\"elementor-element elementor-element-ee480a3 e-flex e-con-boxed wpr-particle-no wpr-jarallax-no wpr-parallax-no wpr-sticky-section-no wpr-equal-height-no e-con e-parent\" data-id=\"ee480a3\" data-element_type=\"container\" data-e-type=\"container\">\n\t\t\t\t\t<div class=\"e-con-inner\">\n\t\t\t\t<div class=\"elementor-element elementor-element-9e042a8 elementor-invisible elementor-widget elementor-widget-text-editor\" data-id=\"9e042a8\" data-element_type=\"widget\" data-e-type=\"widget\" data-settings=\"{&quot;_animation&quot;:&quot;fadeInUp&quot;}\" data-widget_type=\"text-editor.default\">\n\t\t\t\t<div class=\"elementor-widget-container\">\n\t\t\t\t\t\t\t\t\t<p>O auto(re)conhecimento como ferramenta de desenvolvimento pessoal, familiar e profissional.&lt;br&gt;<\/p><p>Muitas vezes, carregamos quest\u00f5es que nos incomodam profundamente e que parecem n\u00e3o ter solu\u00e7\u00e3o. E em algumas situa\u00e7\u00f5es, percebemos um certo &#8220;padr\u00e3o&#8221; familiar, um comportamento que atravessa algumas gera\u00e7\u00f5es. Para quem busca respostas e al\u00edvio, o auto(re)conhecimento abre caminhos diversos e poderosos para encontrar equil\u00edbrio e bem-estar.&lt;br&gt;<\/p><p>Cada quest\u00e3o traz consigo uma energia \u00fanica, que pode ser abordada de diferentes maneiras, dependendo das necessidades e da situa\u00e7\u00e3o de cada pessoa:&lt;br&gt;<\/p><p>Florais \/ Alquimia: Este conhecimento busca harmonizar a sa\u00fade f\u00edsica e emocional, identificando e tratando desequil\u00edbrios energ\u00e9ticos que podem estar afetando o bem-estar geral. \u00c9 uma abordagem que trabalha o ser como um todo, promovendo o equil\u00edbrio de dentro para fora.&lt;br&gt;<\/p><p>Astrologia: Atrav\u00e9s da an\u00e1lise do mapa natal, \u00e9 poss\u00edvel identificar caracter\u00edsticas arquet\u00edpicas que influenciam \u00e1reas como o comportamento, a sa\u00fade f\u00edsica e emocional. O mapa astrol\u00f3gico natal revela padr\u00f5es e tend\u00eancias que, uma vez compreendidos, podem ser usados para guiar o indiv\u00edduo em sua jornada pessoal e espiritual.&lt;br&gt;<\/p><p>Interconex\u00f5es familiares: Quando as quest\u00f5es est\u00e3o ligadas \u00e0 fam\u00edlia ou \u00e0s din\u00e2micas existentes em grupos, esta abordagem filos\u00f3fica oferece uma vis\u00e3o abrangente das rela\u00e7\u00f5es e v\u00ednculos que moldam o ambiente familiar e cada indiv\u00edduo resultante desse meio. Este conhecimento permite que padr\u00f5es ocultos sejam revelados, promovendo um entendimento mais profundo das intera\u00e7\u00f5es e possibilitando o al\u00edvio e o realinhamento dessas conex\u00f5es.&lt;br&gt;<\/p><p>As consultas podem ser realizadas de forma presencial ou online, atendendo pessoas de todas as partes do mundo. Cada sess\u00e3o tem a dura\u00e7\u00e3o aproximada de 1h30, permitindo uma imers\u00e3o profunda na quest\u00e3o trazida. As ferramentas s\u00e3o adaptadas \u00e0 necessidade espec\u00edfica de cada pessoa, garantindo um atendimento personalizado e eficaz.&lt;br&gt;<\/p><p>Al\u00e9m disso, quando necess\u00e1rio, s\u00e3o recomendados florais do sistema AlkhmyLab by Joel Aleixo, para apoiar o processo de al\u00edvio e equil\u00edbrio, potencializando os resultados das sess\u00f5es.&lt;br&gt;<\/p><p>As terapias integrativas oferecem uma oportunidade \u00fanica de transforma\u00e7\u00e3o, ajudando a encontrar respostas e a promover o equil\u00edbrio em todas as \u00e1reas da vida. Agende uma consulta e comece a trilhar o caminho para uma vida mais plena&amp;nbsp;e&amp;nbsp;harmoniosa.<\/p>\t\t\t\t\t\t\t\t<\/div>\n\t\t\t\t<\/div>\n\t\t\t\t\t<\/div>\n\t\t\t\t<\/div>\n\t\t<div class=\"elementor-element elementor-element-3b8d238 e-flex e-con-boxed wpr-particle-no wpr-jarallax-no wpr-parallax-no wpr-sticky-section-no wpr-equal-height-no e-con e-parent\" data-id=\"3b8d238\" data-element_type=\"container\" data-e-type=\"container\">\n\t\t\t\t\t<div class=\"e-con-inner\">\n\t\t\t\t<div class=\"elementor-element elementor-element-252b4a5 elementor-widget-divider--view-line elementor-widget elementor-widget-divider\" data-id=\"252b4a5\" data-element_type=\"widget\" data-e-type=\"widget\" data-widget_type=\"divider.default\">\n\t\t\t\t<div class=\"elementor-widget-container\">\n\t\t\t\t\t\t\t<div class=\"elementor-divider\">\n\t\t\t<span class=\"elementor-divider-separator\">\n\t\t\t\t\t\t<\/span>\n\t\t<\/div>\n\t\t\t\t\t\t<\/div>\n\t\t\t\t<\/div>\n\t\t\t\t\t<\/div>\n\t\t\t\t<\/div>\n\t\t\t\t<\/div>\n\t\t","protected":false},"excerpt":{"rendered":"<p>Consultas O auto(re)conhecimento como ferramenta de desenvolvimento pessoal, familiar e profissional.&lt;br&gt; Muitas vezes, carregamos quest&otilde;es que nos incomodam profundamente e que parecem n&atilde;o ter solu&ccedil;&atilde;o. E em algumas situa&ccedil;&otilde;es, percebemos um certo &ldquo;padr&atilde;o&rdquo; familiar, um comportamento que atravessa algumas gera&ccedil;&otilde;es. Para quem busca respostas e al&iacute;vio, o auto(re)conhecimento abre caminhos diversos e poderosos para encontrar equil&iacute;brio e bem-estar.&lt;br&gt; Cada quest&atilde;o traz consigo uma energia &uacute;nica, que pode ser abordada de diferentes maneiras, dependendo das necessidades e da situa&ccedil;&atilde;o de cada pessoa:&lt;br&gt; Florais \/ Alquimia: Este conhecimento busca harmonizar a sa&uacute;de f&iacute;sica e emocional, identificando e tratando desequil&iacute;brios energ&eacute;ticos que podem estar afetando o bem-estar geral. &Eacute; uma abordagem que trabalha o ser como um todo, promovendo o equil&iacute;brio de dentro para fora.&lt;br&gt; Astrologia: Atrav&eacute;s da an&aacute;lise do mapa natal, &eacute; poss&iacute;vel identificar caracter&iacute;sticas arquet&iacute;picas que influenciam &aacute;reas como o comportamento, a sa&uacute;de f&iacute;sica e emocional. O mapa astrol&oacute;gico natal revela padr&otilde;es e tend&ecirc;ncias que, uma vez compreendidos, podem ser usados para guiar o indiv&iacute;duo em sua jornada pessoal e espiritual.&lt;br&gt; Interconex&otilde;es familiares: Quando as quest&otilde;es est&atilde;o ligadas &agrave; fam&iacute;lia ou &agrave;s din&acirc;micas existentes em grupos, esta abordagem filos&oacute;fica oferece uma vis&atilde;o abrangente das rela&ccedil;&otilde;es e v&iacute;nculos que moldam o ambiente familiar e cada indiv&iacute;duo resultante desse meio. Este conhecimento permite que padr&otilde;es ocultos sejam revelados, promovendo um entendimento mais profundo das intera&ccedil;&otilde;es e possibilitando o al&iacute;vio e o realinhamento dessas conex&otilde;es.&lt;br&gt; As consultas podem ser realizadas de forma presencial ou online, atendendo pessoas de todas as partes do mundo. Cada sess&atilde;o tem a dura&ccedil;&atilde;o aproximada de 1h30, permitindo uma imers&atilde;o profunda na quest&atilde;o trazida. As ferramentas s&atilde;o adaptadas &agrave; necessidade espec&iacute;fica de cada pessoa, garantindo um atendimento personalizado e eficaz.&lt;br&gt; Al&eacute;m disso, quando necess&aacute;rio, s&atilde;o recomendados florais do sistema AlkhmyLab by Joel Aleixo, para apoiar o processo de al&iacute;vio e equil&iacute;brio, potencializando os resultados das sess&otilde;es.&lt;br&gt; As terapias integrativas oferecem uma oportunidade &uacute;nica de transforma&ccedil;&atilde;o, ajudando a encontrar respostas e a promover o equil&iacute;brio em todas as &aacute;reas da vida. Agende uma consulta e comece a trilhar o caminho para uma vida mais plena&amp;nbsp;e&amp;nbsp;harmoniosa.<\/p>\n","protected":false},"author":1,"featured_media":0,"parent":0,"menu_order":0,"comment_status":"closed","ping_status":"closed","template":"elementor_canvas","meta":{"footnotes":""},"class_list":["post-357","page","type-page","status-publish","hentry"],"_links":{"self":[{"href":"https:\/\/curapessoal.com\/index.php?rest_route=\/wp\/v2\/pages\/357","targetHints":{"allow":["GET"]}}],"collection":[{"href":"https:\/\/curapessoal.com\/index.php?rest_route=\/wp\/v2\/pages"}],"about":[{"href":"https:\/\/curapessoal.com\/index.php?rest_route=\/wp\/v2\/types\/page"}],"author":[{"embeddable":true,"href":"https:\/\/curapessoal.com\/index.php?rest_route=\/wp\/v2\/users\/1"}],"replies":[{"embeddable":true,"href":"https:\/\/curapessoal.com\/index.php?rest_route=%2Fwp%2Fv2%2Fcomments&post=357"}],"version-history":[{"count":34,"href":"https:\/\/curapessoal.com\/index.php?rest_route=\/wp\/v2\/pages\/357\/revisions"}],"predecessor-version":[{"id":930,"href":"https:\/\/curapessoal.com\/index.php?rest_route=\/wp\/v2\/pages\/357\/revisions\/930"}],"wp:attachment":[{"href":"https:\/\/curapessoal.com\/index.php?rest_route=%2Fwp%2Fv2%2Fmedia&parent=357"}],"curies":[{"name":"wp","href":"https:\/\/api.w.org\/{rel}","templated":true}]}}