{"id":413,"date":"2024-08-29T20:16:36","date_gmt":"2024-08-29T20:16:36","guid":{"rendered":"http:\/\/curapessoal.com\/?page_id=62\/?page_id=413"},"modified":"2025-08-25T19:20:43","modified_gmt":"2025-08-25T19:20:43","slug":"alunos-2","status":"publish","type":"page","link":"https:\/\/curapessoal.com\/?page_id=413","title":{"rendered":"Alunos"},"content":{"rendered":"\t\t<div data-elementor-type=\"wp-page\" data-elementor-id=\"413\" class=\"elementor elementor-413\">\n\t\t\t\t<header class=\"elementor-element elementor-element-9999f45 e-con-full e-flex wpr-particle-no wpr-jarallax-no wpr-parallax-no wpr-sticky-section-no wpr-equal-height-no e-con e-parent\" data-id=\"9999f45\" data-element_type=\"container\" data-e-type=\"container\" data-settings=\"{&quot;position&quot;:&quot;fixed&quot;}\">\n\t\t\t\t<div class=\"elementor-element elementor-element-27232d6 elementor-widget elementor-widget-quadmenu\" data-id=\"27232d6\" data-element_type=\"widget\" data-e-type=\"widget\" data-widget_type=\"quadmenu.default\">\n\t\t\t\t<div class=\"elementor-widget-container\">\n\t\t\t\t\t<nav id=\"quadmenu\" class=\"quadmenu-default_theme quadmenu-v3.3.2 quadmenu-align-right quadmenu-divider-hide quadmenu-carets-hide quadmenu-background-color quadmenu-mobile-shadow-show quadmenu-dropdown-shadow-show quadmenu-hover-ripple\" data-template=\"collapse\" data-theme=\"default_theme\" data-unwrap=\"0\" data-width=\"\" data-selector=\"\" data-breakpoint=\"768\" data-sticky=\"0\" data-sticky-offset=\"0\">\n\t<div class=\"quadmenu-container\">\n\t<div class=\"quadmenu-navbar-header\">\n\t\t<button type=\"button\" class=\"quadmenu-navbar-toggle collapsed\" data-quadmenu=\"collapse\" data-target=\"#quadmenu_0\" aria-expanded=\"false\" aria-controls=\"quadmenu\">\n\t<span class=\"icon-bar-container\">\n\t<span class=\"icon-bar icon-bar-top\"><\/span>\n\t<span class=\"icon-bar icon-bar-middle\"><\/span>\n\t<span class=\"icon-bar icon-bar-bottom\"><\/span>\n\t<\/span>\n<\/button>\t\t\t<a class=\"quadmenu-navbar-brand img\" href=\"https:\/\/curapessoal.com\"><img decoding=\"async\" height=\"60\" width=\"160\" src=\"https:\/\/curapessoal.com\/wp-content\/uploads\/2024\/08\/texto-logo-1.png\" alt=\"Cristina Maruju\"\/><\/a>\n\t<\/div>\n\t<div id=\"quadmenu_0\" class=\"quadmenu-navbar-collapse collapse\">\n\t\t<ul class=\"quadmenu-navbar-nav\"><li id=\"menu-item-133\" class=\"quadmenu-item-133 quadmenu-item quadmenu-item-object-page quadmenu-item-home quadmenu-item-type-post_type quadmenu-item-type-post_type quadmenu-item-level-0 quadmenu-has-title quadmenu-has-link quadmenu-has-background quadmenu-dropdown-right\">\t\t\t\t<a  href=\"https:\/\/curapessoal.com\/\">\n\t\t\t<span class=\"quadmenu-item-content\">\n\t\t\t\t\t\t\t\t\t\t\t\t\t\t\t\t\t<span class=\"quadmenu-text  hover t_1000\">P\u00e1gina Inicial<\/span>\n\t\t\t\t\t\t\t\t\t\t\t\t\t\t\t\t\t<\/span>\n\t\t<\/a>\n\t\t\t\t<\/li><li id=\"menu-item-347\" class=\"quadmenu-item-347 quadmenu-item quadmenu-item-object-page quadmenu-item-type-post_type quadmenu-item-type-post_type quadmenu-item-level-0 quadmenu-has-title quadmenu-has-link quadmenu-has-background quadmenu-dropdown-right\">\t\t\t\t<a  href=\"https:\/\/curapessoal.com\/?page_id=335\">\n\t\t\t<span class=\"quadmenu-item-content\">\n\t\t\t\t\t\t\t\t\t\t\t\t\t\t\t\t\t<span class=\"quadmenu-text  hover t_1000\">Florais<\/span>\n\t\t\t\t\t\t\t\t\t\t\t\t\t\t\t\t\t<\/span>\n\t\t<\/a>\n\t\t\t\t<\/li><li id=\"menu-item-386\" class=\"quadmenu-item-386 quadmenu-item quadmenu-item-object-page quadmenu-item-type-post_type quadmenu-item-type-post_type quadmenu-item-level-0 quadmenu-has-title quadmenu-has-link quadmenu-has-background quadmenu-dropdown-right\">\t\t\t\t<a  href=\"https:\/\/curapessoal.com\/?page_id=349\">\n\t\t\t<span class=\"quadmenu-item-content\">\n\t\t\t\t\t\t\t\t\t\t\t\t\t\t\t\t\t<span class=\"quadmenu-text  hover t_1000\">Constela\u00e7\u00f5es Sist\u00eamicas<\/span>\n\t\t\t\t\t\t\t\t\t\t\t\t\t\t\t\t\t<\/span>\n\t\t<\/a>\n\t\t\t\t<\/li><li id=\"menu-item-387\" class=\"quadmenu-item-387 quadmenu-item quadmenu-item-object-page quadmenu-item-type-post_type quadmenu-item-type-post_type quadmenu-item-level-0 quadmenu-has-title quadmenu-has-link quadmenu-has-background quadmenu-dropdown-right\">\t\t\t\t<a  href=\"https:\/\/curapessoal.com\/?page_id=357\">\n\t\t\t<span class=\"quadmenu-item-content\">\n\t\t\t\t\t\t\t\t\t\t\t\t\t\t\t\t\t<span class=\"quadmenu-text  hover t_1000\">Consultas<\/span>\n\t\t\t\t\t\t\t\t\t\t\t\t\t\t\t\t\t<\/span>\n\t\t<\/a>\n\t\t\t\t<\/li><li id=\"menu-item-390\" class=\"quadmenu-item-390 quadmenu-item quadmenu-item-object-page quadmenu-item-type-post_type quadmenu-item-type-post_type quadmenu-item-level-0 quadmenu-has-title quadmenu-has-link quadmenu-has-background quadmenu-dropdown-right\">\t\t\t\t<a  href=\"https:\/\/curapessoal.com\/?page_id=356\">\n\t\t\t<span class=\"quadmenu-item-content\">\n\t\t\t\t\t\t\t\t\t\t\t\t\t\t\t\t\t<span class=\"quadmenu-text  hover t_1000\">Cursos<\/span>\n\t\t\t\t\t\t\t\t\t\t\t\t\t\t\t\t\t<\/span>\n\t\t<\/a>\n\t\t\t\t<\/li><li id=\"menu-item-393\" class=\"quadmenu-item-393 quadmenu-item quadmenu-item-object-page quadmenu-item-type-post_type quadmenu-item-type-post_type quadmenu-item-level-0 quadmenu-has-title quadmenu-has-link quadmenu-has-background quadmenu-dropdown-right\">\t\t\t\t<a  href=\"https:\/\/curapessoal.com\/?page_id=359\">\n\t\t\t<span class=\"quadmenu-item-content\">\n\t\t\t\t\t\t\t\t\t\t\t\t\t\t\t\t\t<span class=\"quadmenu-text  hover t_1000\">Workshops<\/span>\n\t\t\t\t\t\t\t\t\t\t\t\t\t\t\t\t\t<\/span>\n\t\t<\/a>\n\t\t\t\t<\/li><li id=\"menu-item-385\" class=\"quadmenu-item-385 quadmenu-item quadmenu-item-object-page quadmenu-item-type-post_type quadmenu-item-type-post_type quadmenu-item-level-0 quadmenu-has-title quadmenu-has-link quadmenu-has-background quadmenu-dropdown-right\">\t\t\t\t<a  href=\"https:\/\/curapessoal.com\/?page_id=360\">\n\t\t\t<span class=\"quadmenu-item-content\">\n\t\t\t\t\t\t\t\t\t\t\t\t\t\t\t\t\t<span class=\"quadmenu-text  hover t_1000\">Calend\u00e1rio<\/span>\n\t\t\t\t\t\t\t\t\t\t\t\t\t\t\t\t\t<\/span>\n\t\t<\/a>\n\t\t\t\t<\/li><li id=\"menu-item-477\" class=\"quadmenu-item-477 quadmenu-item quadmenu-item-object-page quadmenu-item-type-post_type quadmenu-item-type-post_type quadmenu-item-level-0 quadmenu-has-title quadmenu-has-link quadmenu-has-background quadmenu-dropdown-right\">\t\t\t\t<a  href=\"https:\/\/curapessoal.com\/?page_id=475\">\n\t\t\t<span class=\"quadmenu-item-content\">\n\t\t\t\t\t\t\t\t\t\t\t\t\t\t\t\t\t<span class=\"quadmenu-text  hover t_1000\">Livros<\/span>\n\t\t\t\t\t\t\t\t\t\t\t\t\t\t\t\t\t<\/span>\n\t\t<\/a>\n\t\t\t\t<\/li><li id=\"menu-item-969\" class=\"quadmenu-item-969 quadmenu-item quadmenu-item-object-page quadmenu-item-type-post_type quadmenu-item-type-post_type quadmenu-item-level-0 quadmenu-has-title quadmenu-has-link quadmenu-has-background quadmenu-dropdown-right\">\t\t\t\t<a  href=\"https:\/\/curapessoal.com\/?page_id=843\">\n\t\t\t<span class=\"quadmenu-item-content\">\n\t\t\t\t\t\t\t\t\t\t\t\t\t\t\t\t\t<span class=\"quadmenu-text  hover t_1000\">V\u00eddeos<\/span>\n\t\t\t\t\t\t\t\t\t\t\t\t\t\t\t\t\t<\/span>\n\t\t<\/a>\n\t\t\t\t<\/li><li id=\"menu-item-389\" class=\"quadmenu-item-389 quadmenu-item quadmenu-item-object-page quadmenu-item-type-post_type quadmenu-item-type-post_type quadmenu-item-level-0 quadmenu-has-title quadmenu-has-link quadmenu-has-background quadmenu-dropdown-right\">\t\t\t\t<a  href=\"https:\/\/curapessoal.com\/?page_id=358\">\n\t\t\t<span class=\"quadmenu-item-content\">\n\t\t\t\t\t\t\t\t\t\t\t\t\t\t\t\t\t<span class=\"quadmenu-text  hover t_1000\">Cristina Maruju<\/span>\n\t\t\t\t\t\t\t\t\t\t\t\t\t\t\t\t\t<\/span>\n\t\t<\/a>\n\t\t\t\t<\/li><li id=\"menu-item-478\" class=\"quadmenu-item-478 quadmenu-item quadmenu-item-object-page quadmenu-item-type-post_type quadmenu-item-type-post_type quadmenu-item-level-0 quadmenu-has-title quadmenu-has-link quadmenu-has-background quadmenu-dropdown-right\">\t\t\t\t<a  href=\"https:\/\/curapessoal.com\/?page_id=413\">\n\t\t\t<span class=\"quadmenu-item-content\">\n\t\t\t\t\t\t\t\t\t\t\t\t\t\t\t\t\t<span class=\"quadmenu-text  hover t_1000\">Alunos<\/span>\n\t\t\t\t\t\t\t\t\t\t\t\t\t\t\t\t\t<\/span>\n\t\t<\/a>\n\t\t\t\t<\/li><\/ul>\t<\/div>\n\t<\/div>\n<\/nav>\t\t\t\t<\/div>\n\t\t\t\t<\/div>\n\t\t\t\t<\/header>\n\t\t<div class=\"elementor-element elementor-element-9d11a25 e-grid e-con-boxed wpr-particle-no wpr-jarallax-no wpr-parallax-no wpr-sticky-section-no wpr-equal-height-no e-con e-parent\" data-id=\"9d11a25\" data-element_type=\"container\" data-e-type=\"container\" data-settings=\"{&quot;background_background&quot;:&quot;classic&quot;,&quot;position&quot;:&quot;fixed&quot;,&quot;animation&quot;:&quot;none&quot;}\">\n\t\t\t\t\t<div class=\"e-con-inner\">\n\t\t\t\t<div class=\"elementor-element elementor-element-0026be1 elementor-widget__width-inherit elementor-invisible elementor-widget elementor-widget-image\" data-id=\"0026be1\" data-element_type=\"widget\" data-e-type=\"widget\" data-settings=\"{&quot;_animation&quot;:&quot;zoomIn&quot;}\" data-widget_type=\"image.default\">\n\t\t\t\t<div class=\"elementor-widget-container\">\n\t\t\t\t\t\t\t\t\t\t\t\t\t\t\t\t<a href=\"https:\/\/www.instagram.com\/curapessoal\/\" target=\"_blank\">\n\t\t\t\t\t\t\t<img decoding=\"async\" src=\"https:\/\/curapessoal.com\/wp-content\/uploads\/elementor\/thumbs\/logo-insta-qtbxjbz7pn3rapmkavtme0a7ktnyv189466833e8ok.png\" title=\"logo insta\" alt=\"logo insta\" class=\"elementor-animation-grow\" loading=\"lazy\" \/>\t\t\t\t\t\t\t\t<\/a>\n\t\t\t\t\t\t\t\t\t\t\t\t\t\t\t<\/div>\n\t\t\t\t<\/div>\n\t\t\t\t<div class=\"elementor-element elementor-element-9026be1 elementor-widget__width-inherit elementor-invisible elementor-widget elementor-widget-image\" data-id=\"9026be1\" data-element_type=\"widget\" data-e-type=\"widget\" data-settings=\"{&quot;_animation&quot;:&quot;zoomIn&quot;}\" data-widget_type=\"image.default\">\n\t\t\t\t<div class=\"elementor-widget-container\">\n\t\t\t\t\t\t\t\t\t\t\t\t\t\t\t\t<a href=\"https:\/\/youtube.com\/@curapessoal\" target=\"_blank\">\n\t\t\t\t\t\t\t<img decoding=\"async\" src=\"https:\/\/curapessoal.com\/wp-content\/uploads\/elementor\/thumbs\/logo-yt-qtbxlccsbvuu4opfk93w800pbhr8bq7l24em1eexdg.png\" title=\"logo yt\" alt=\"logo yt\" class=\"elementor-animation-grow\" loading=\"lazy\" \/>\t\t\t\t\t\t\t\t<\/a>\n\t\t\t\t\t\t\t\t\t\t\t\t\t\t\t<\/div>\n\t\t\t\t<\/div>\n\t\t\t\t<div class=\"elementor-element elementor-element-d628348 elementor-widget__width-inherit elementor-invisible elementor-widget elementor-widget-image\" data-id=\"d628348\" data-element_type=\"widget\" data-e-type=\"widget\" data-settings=\"{&quot;_animation&quot;:&quot;zoomIn&quot;}\" data-widget_type=\"image.default\">\n\t\t\t\t<div class=\"elementor-widget-container\">\n\t\t\t\t\t\t\t\t\t\t\t\t\t\t\t\t<a href=\"https:\/\/www.linkedin.com\/in\/curapessoal\" target=\"_blank\">\n\t\t\t\t\t\t\t<img decoding=\"async\" src=\"https:\/\/curapessoal.com\/wp-content\/uploads\/elementor\/thumbs\/logo-linkedin-qtbxev8t8yzq5e41dgcf1mudzxo7asi5i2m70s0k8k.png\" title=\"logo linkedin\" alt=\"logo linkedin\" class=\"elementor-animation-grow\" loading=\"lazy\" \/>\t\t\t\t\t\t\t\t<\/a>\n\t\t\t\t\t\t\t\t\t\t\t\t\t\t\t<\/div>\n\t\t\t\t<\/div>\n\t\t\t\t<div class=\"elementor-element elementor-element-78f3567 elementor-widget__width-inherit elementor-invisible elementor-widget elementor-widget-image\" data-id=\"78f3567\" data-element_type=\"widget\" data-e-type=\"widget\" data-settings=\"{&quot;_animation&quot;:&quot;zoomIn&quot;}\" data-widget_type=\"image.default\">\n\t\t\t\t<div class=\"elementor-widget-container\">\n\t\t\t\t\t\t\t\t\t\t\t\t\t\t\t\t<a href=\"https:\/\/wa.me\/5511992419597\" target=\"_blank\">\n\t\t\t\t\t\t\t<img decoding=\"async\" src=\"https:\/\/curapessoal.com\/wp-content\/uploads\/elementor\/thumbs\/logo-wpp-qtbwzcwohdrel0n1xr00wjql5246akxldb3ryf0ewk.png\" title=\"logo wpp\" alt=\"logo wpp\" class=\"elementor-animation-grow\" loading=\"lazy\" \/>\t\t\t\t\t\t\t\t<\/a>\n\t\t\t\t\t\t\t\t\t\t\t\t\t\t\t<\/div>\n\t\t\t\t<\/div>\n\t\t\t\t<div class=\"elementor-element elementor-element-f31efcb elementor-widget__width-inherit elementor-invisible elementor-widget elementor-widget-image\" data-id=\"f31efcb\" data-element_type=\"widget\" data-e-type=\"widget\" data-settings=\"{&quot;_animation&quot;:&quot;zoomIn&quot;}\" data-widget_type=\"image.default\">\n\t\t\t\t<div class=\"elementor-widget-container\">\n\t\t\t\t\t\t\t\t\t\t\t\t\t\t\t\t<a href=\"mailto:curapessoal@gmail.com\" target=\"_blank\">\n\t\t\t\t\t\t\t<img decoding=\"async\" src=\"https:\/\/curapessoal.com\/wp-content\/uploads\/elementor\/thumbs\/logo-e-mail-qtbxgssvapmy0jb03aet65ahyg5d4e6afmw4j95fg4.png\" title=\"logo e-mail\" alt=\"logo e-mail\" class=\"elementor-animation-grow\" loading=\"lazy\" \/>\t\t\t\t\t\t\t\t<\/a>\n\t\t\t\t\t\t\t\t\t\t\t\t\t\t\t<\/div>\n\t\t\t\t<\/div>\n\t\t\t\t\t<\/div>\n\t\t\t\t<\/div>\n\t\t<div class=\"elementor-element elementor-element-b0df1d2 e-flex e-con-boxed wpr-particle-no wpr-jarallax-no wpr-parallax-no wpr-sticky-section-no wpr-equal-height-no elementor-invisible e-con e-parent\" data-id=\"b0df1d2\" data-element_type=\"container\" data-e-type=\"container\" data-settings=\"{&quot;animation&quot;:&quot;fadeInUp&quot;}\">\n\t\t\t\t\t<div class=\"e-con-inner\">\n\t\t\t\t<div class=\"elementor-element elementor-element-5dbe68e elementor-invisible elementor-widget elementor-widget-image\" data-id=\"5dbe68e\" data-element_type=\"widget\" data-e-type=\"widget\" data-settings=\"{&quot;_animation&quot;:&quot;fadeInUp&quot;}\" data-widget_type=\"image.default\">\n\t\t\t\t<div class=\"elementor-widget-container\">\n\t\t\t\t\t\t\t\t\t\t\t\t\t\t\t<img fetchpriority=\"high\" decoding=\"async\" width=\"768\" height=\"196\" src=\"https:\/\/curapessoal.com\/wp-content\/uploads\/2024\/08\/Meu-Logotipo-icone-horiz-gde-5-768x196.png\" class=\"attachment-medium_large size-medium_large wp-image-291\" alt=\"\" srcset=\"https:\/\/curapessoal.com\/wp-content\/uploads\/2024\/08\/Meu-Logotipo-icone-horiz-gde-5-768x196.png 768w, https:\/\/curapessoal.com\/wp-content\/uploads\/2024\/08\/Meu-Logotipo-icone-horiz-gde-5-300x76.png 300w, https:\/\/curapessoal.com\/wp-content\/uploads\/2024\/08\/Meu-Logotipo-icone-horiz-gde-5-1024x261.png 1024w, https:\/\/curapessoal.com\/wp-content\/uploads\/2024\/08\/Meu-Logotipo-icone-horiz-gde-5-1536x392.png 1536w, https:\/\/curapessoal.com\/wp-content\/uploads\/2024\/08\/Meu-Logotipo-icone-horiz-gde-5-2048x522.png 2048w\" sizes=\"(max-width: 768px) 100vw, 768px\" \/>\t\t\t\t\t\t\t\t\t\t\t\t\t\t\t<\/div>\n\t\t\t\t<\/div>\n\t\t\t\t\t<\/div>\n\t\t\t\t<\/div>\n\t\t<div class=\"elementor-element elementor-element-95c3e0f e-flex e-con-boxed wpr-particle-no wpr-jarallax-no wpr-parallax-no wpr-sticky-section-no wpr-equal-height-no e-con e-parent\" data-id=\"95c3e0f\" data-element_type=\"container\" data-e-type=\"container\">\n\t\t\t\t\t<div class=\"e-con-inner\">\n\t\t\t\t<div class=\"elementor-element elementor-element-369aa89 elementor-invisible elementor-widget elementor-widget-heading\" data-id=\"369aa89\" data-element_type=\"widget\" data-e-type=\"widget\" data-settings=\"{&quot;_animation&quot;:&quot;fadeInUp&quot;}\" data-widget_type=\"heading.default\">\n\t\t\t\t<div class=\"elementor-widget-container\">\n\t\t\t\t\t<h2 class=\"elementor-heading-title elementor-size-default\">Alunos<\/h2>\t\t\t\t<\/div>\n\t\t\t\t<\/div>\n\t\t\t\t\t<\/div>\n\t\t\t\t<\/div>\n\t\t\t\t<\/div>\n\t\t","protected":false},"excerpt":{"rendered":"<p>Alunos<\/p>\n","protected":false},"author":1,"featured_media":0,"parent":0,"menu_order":0,"comment_status":"closed","ping_status":"closed","template":"elementor_canvas","meta":{"footnotes":""},"class_list":["post-413","page","type-page","status-publish","hentry"],"_links":{"self":[{"href":"https:\/\/curapessoal.com\/index.php?rest_route=\/wp\/v2\/pages\/413","targetHints":{"allow":["GET"]}}],"collection":[{"href":"https:\/\/curapessoal.com\/index.php?rest_route=\/wp\/v2\/pages"}],"about":[{"href":"https:\/\/curapessoal.com\/index.php?rest_route=\/wp\/v2\/types\/page"}],"author":[{"embeddable":true,"href":"https:\/\/curapessoal.com\/index.php?rest_route=\/wp\/v2\/users\/1"}],"replies":[{"embeddable":true,"href":"https:\/\/curapessoal.com\/index.php?rest_route=%2Fwp%2Fv2%2Fcomments&post=413"}],"version-history":[{"count":22,"href":"https:\/\/curapessoal.com\/index.php?rest_route=\/wp\/v2\/pages\/413\/revisions"}],"predecessor-version":[{"id":921,"href":"https:\/\/curapessoal.com\/index.php?rest_route=\/wp\/v2\/pages\/413\/revisions\/921"}],"wp:attachment":[{"href":"https:\/\/curapessoal.com\/index.php?rest_route=%2Fwp%2Fv2%2Fmedia&parent=413"}],"curies":[{"name":"wp","href":"https:\/\/api.w.org\/{rel}","templated":true}]}}